{"id":10,"date":"2014-01-24T10:10:02","date_gmt":"2014-01-24T09:10:02","guid":{"rendered":"http:\/\/gtmg.u-bourgogne.fr\/?page_id=10"},"modified":"2025-11-19T17:07:57","modified_gmt":"2025-11-19T16:07:57","slug":"evenements","status":"publish","type":"page","link":"https:\/\/gtmg.u-bourgogne.fr\/?page_id=10","title":{"rendered":"\u00c9v\u00e9nements"},"content":{"rendered":"<h4>Colloque Geometry and Computing (GDR IFM et IGRV)<\/h4>\n<p>5 &#8211; 9 Octobre 2026, CIRM, Marseille.<\/p>\n<h4>Colloque Geometry and Computing (GDR IFM et IGRV) &#8211; ann\u00e9e de la G\u00e9om\u00e9trie<\/h4>\n<p>21-25 octobre 2024, CIRM, Marseille<\/p>\n<p><a href=\"https:\/\/geocomp2024.sciencesconf.org\/\">https:\/\/geocomp2024.sciencesconf.org\/<\/a><\/p>\n<h4>Journ\u00e9es j-FIG (<a href=\"https:\/\/www.asso-afig.fr\/site\/les-journees-jfig\/\">lien<\/a>)<\/h4>\n<ul>\n<li>28-31 octobre 2024, Strasbourg <a href=\"https:\/\/jfig2024.icube.unistra.fr\/\">https:\/\/jfig2024.icube.unistra.fr\/<\/a><\/li>\n<li>8-10 novembre 2023, Montpellier (https:\/\/jfig2023.lirmm.fr\/)<\/li>\n<li>23-25 novembre 2022, Bordeaux, Labri (https:\/\/project.inria.fr\/jfig2022\/)<\/li>\n<li>25-27 novembre 2021, Sophia Antipolis, organis\u00e9es par les membres des \u00e9quipes GraphDeco et TITANE (https:\/\/project.inria.fr\/jfig2021\/)<\/li>\n<\/ul>\n<h4>Journ\u00e9es nationales des GDR<\/h4>\n<ul>\n<li>2026\n<ul>\n<li>GDR IFM, 20 ans, 16-20 mars, Paris<\/li>\n<\/ul>\n<\/li>\n<li>2025<\/li>\n<li>2024\n<ul>\n<li>GDR IFM, 18 mars &#8211; 21 mars 2024, Grenoble<\/li>\n<\/ul>\n<\/li>\n<li>\u00a02023\n<ul>\n<li>GDR IGRV, 30-31 mai 2023, Lyon (https:\/\/gdr-igrv.fr\/event\/pleniere2023\/)<\/li>\n<li>GDR IM, 4-5 avril 2023, Paris<\/li>\n<\/ul>\n<\/li>\n<li>2022\n<ul>\n<li>GDR IM en pr\u00e9sentiel, 29 mars-1er avril 2022, Villeneuve d&rsquo;Ascq<\/li>\n<\/ul>\n<\/li>\n<\/ul>\n<h4>\u00c9coles jeunes chercheurs<\/h4>\n<p><a href=\"https:\/\/gdr-igrv.fr\/\">Ecoles du GDR IGRV<\/a><\/p>\n<p><a href=\"https:\/\/www.gdr-im.fr\/les-ecoles-jeunes-chercheurs\/\">Ecoles du GDR IM<\/a><\/p>\n<h4><strong>Journ\u00e9es th\u00e9matiques du GDR-IGRV <a href=\"https:\/\/gdr-igrv.fr\/event\/\">(lien)<\/a><\/strong><\/h4>\n<p>Une proposition pour des journ\u00e9es th\u00e9matiques peut \u00eatre faite, le mode d&#8217;emploi est indiqu\u00e9 au lien ci-dessus.<\/p>\n<h4><strong>Journ\u00e9es \u00ab\u00a0Informatique et G\u00e9om\u00e9trie\u00a0\u00bb (JIG)<\/strong><\/h4>\n<p>Les journ\u00e9es Informatique et G\u00e9om\u00e9trie visent \u00e0 rassembler la communaut\u00e9 scientifique travaillant dans les domaines informatique et math\u00e9matiques appliqu\u00e9es\u00a0li\u00e9s \u00e0 la g\u00e9om\u00e9trie. Elles sont organis\u00e9es conjointement par les trois groupes de travail, G\u00e9om\u00e9trie Algorithnmique, G\u00e9om\u00e9trie Discr\u00e8te et Mod\u00e9lisation G\u00e9om\u00e9trique du GDR-IM et du GDR-IGRV.<\/p>\n<table cellspacing=\"0\" cellpadding=\"0\">\n<tbody>\n<tr valign=\"top\">\n<td width=\"520\">\n<ul>\n<li>JIG 2022, les 15 et 16 mars 2022 \u00e0 Dijon (LIB)<\/li>\n<li><a href=\"http:\/\/liris.cnrs.fr\/jig2018\/\">JIG 2018<\/a> les 20 au 22 juin 2018 \u00e0 Lyon (LIRIS)<\/li>\n<li><a href=\"https:\/\/jig2015.sciencesconf.org\">JIG 2015<\/a> les 7 et 8 octobre 2015 \u00e0 Marne-La-Vall\u00e9e (LIGM, ESIEE Paris)<\/li>\n<li><a href=\"http:\/\/jig2013.sciencesconf.org\">JIG 2013<\/a>, les 14 et 15 novembre \u00e0 Nancy (LORIA, Inria)<\/li>\n<li>JIG 2010, les 27 et 28 septembre \u00e0 Grenoble (GIPSA)<\/li>\n<li>JIG 2008, les 4 et 5 juin 2008 \u00e0 Dijon (LE2I)<\/li>\n<li>JIG 2007, les 14 et 15 juin 2007 \u00e0 Sophia Antipolis (Inria)<\/li>\n<li>JIG 2006, les 1 et 2 juin 2006 \u00e0 Lyon (LIRIS)<\/li>\n<li>JIG 2005, les 13 et 14 octobre 2005 \u00e0 Paris (IHP)<\/li>\n<\/ul>\n<\/td>\n<\/tr>\n<\/tbody>\n<\/table>\n<h3>Communication \/ Devenir Membre<\/h3>\n\n\n<p><\/p>\n\n\n\n<p><\/p>\n\n\n\n<p><\/p>\n\n\n\n<p><\/p>\n\n\n\n<p><\/p>\n","protected":false},"excerpt":{"rendered":"<p>Colloque Geometry and Computing (GDR IFM et IGRV) 5 &#8211; 9 Octobre 2026, CIRM, Marseille. Colloque Geometry and Computing (GDR IFM et IGRV) &#8211; ann\u00e9e de la G\u00e9om\u00e9trie 21-25 octobre 2024, CIRM, Marseille https:\/\/geocomp2024.sciencesconf.org\/ Journ\u00e9es j-FIG (lien) 28-31 octobre 2024, Strasbourg https:\/\/jfig2024.icube.unistra.fr\/ 8-10 novembre 2023, Montpellier (https:\/\/jfig2023.lirmm.fr\/) 23-25 novembre 2022, Bordeaux, Labri (https:\/\/project.inria.fr\/jfig2022\/) 25-27 novembre &hellip; <\/p>\n<p><a class=\"more-link btn\" href=\"https:\/\/gtmg.u-bourgogne.fr\/?page_id=10\">Lire la suite<\/a><\/p>\n","protected":false},"author":4,"featured_media":0,"parent":0,"menu_order":2,"comment_status":"closed","ping_status":"closed","template":"","meta":{"footnotes":""},"class_list":["post-10","page","type-page","status-publish","hentry","nodate","item-wrap"],"_links":{"self":[{"href":"https:\/\/gtmg.u-bourgogne.fr\/index.php?rest_route=\/wp\/v2\/pages\/10","targetHints":{"allow":["GET"]}}],"collection":[{"href":"https:\/\/gtmg.u-bourgogne.fr\/index.php?rest_route=\/wp\/v2\/pages"}],"about":[{"href":"https:\/\/gtmg.u-bourgogne.fr\/index.php?rest_route=\/wp\/v2\/types\/page"}],"author":[{"embeddable":true,"href":"https:\/\/gtmg.u-bourgogne.fr\/index.php?rest_route=\/wp\/v2\/users\/4"}],"replies":[{"embeddable":true,"href":"https:\/\/gtmg.u-bourgogne.fr\/index.php?rest_route=%2Fwp%2Fv2%2Fcomments&post=10"}],"version-history":[{"count":87,"href":"https:\/\/gtmg.u-bourgogne.fr\/index.php?rest_route=\/wp\/v2\/pages\/10\/revisions"}],"predecessor-version":[{"id":618,"href":"https:\/\/gtmg.u-bourgogne.fr\/index.php?rest_route=\/wp\/v2\/pages\/10\/revisions\/618"}],"wp:attachment":[{"href":"https:\/\/gtmg.u-bourgogne.fr\/index.php?rest_route=%2Fwp%2Fv2%2Fmedia&parent=10"}],"curies":[{"name":"wp","href":"https:\/\/api.w.org\/{rel}","templated":true}]}}