{"id":12,"date":"2014-01-24T10:10:13","date_gmt":"2014-01-24T09:10:13","guid":{"rendered":"http:\/\/gtmg.u-bourgogne.fr\/?page_id=12"},"modified":"2024-03-20T10:15:13","modified_gmt":"2024-03-20T09:15:13","slug":"historique","status":"publish","type":"page","link":"https:\/\/gtmg.u-bourgogne.fr\/?page_id=12","title":{"rendered":"Historique"},"content":{"rendered":"<p><strong>GTMG &#8211; GDR &#8211; CNRS :<\/strong><\/p>\n<p>Depuis le renouvellement des GDR le positionnement du GTMG est le suivant :<\/p>\n<ul>\n<li>Le groupe fait partie du GDR Informatique Math\u00e9matique (<a title=\"GDR IM\" href=\"http:\/\/http:\/\/www.gdr-im.fr\" target=\"_blank\" rel=\"noopener\">GDR IFM<\/a>)<\/li>\n<li>Il appartient \u00e9galement au GDR Informatique Graphique, R\u00e9alit\u00e9 Virtuelle et Visualisation (<a title=\"GDR IGRV\" href=\"http:\/\/http:\/\/icube-web.unistra.fr\/gdr-igrv\" target=\"_blank\" rel=\"noopener\">GDR IGRV<\/a>)..<\/li>\n<\/ul>\n<p><strong>Un peu d&rsquo;histoire :<\/strong><\/p>\n<p>L&rsquo;initialisation du groupe remonte en 1995 en tant que groupe de travail du GDR-PRC AMI (cadre du p\u00f4le\u00a0Informatique Graphique) et de l&rsquo;AFIG, avec la r\u00e9union constitutive qui a eu lieu \u00e0 Poitiers en novembre 1995 (\u00e0\u00a0l&rsquo;initiative de Pascal Lienhardt). Cette r\u00e9union avait permis d&rsquo;identifier des th\u00e8mes :<\/p>\n<ul>\n<li>Courbes et surfaces param\u00e9triques (Marc Daniel)<\/li>\n<li>Modeleurs (Bernard Lacolle)<\/li>\n<li>Mod\u00e9lisation d\u00e9clarative (Michel Lucas) groupe GEODE<\/li>\n<li>Reconstruction (Jean Sequeira)<\/li>\n<li>Surfaces implicites (Marie Paule Cani)<\/li>\n<\/ul>\n<p>Le GDR AMI a cess\u00e9 d&rsquo;exister fin 1997 et a c\u00e9d\u00e9 la place au GDR ALP (Algorithmique, Langages,\u00a0Programmation), avec un p\u00f4le Informatique graphique. Le groupe de travail Mod\u00e9lisation G\u00e9om\u00e9trique\u00a0s&rsquo;est poursuivi autour des th\u00e8mes :\u00a0Courbes et Surfaces,\u00a0Mod\u00e9lisation g\u00e9om\u00e9trique \u00e0 base topologique, M\u00e9tamorphoses et d\u00e9formations,\u00a0Mod\u00e9lisation d\u00e9clarative, mod\u00e9lisation sous contraintes,\u00a0Multi-repr\u00e9sentation,\u00a0Reconstruction,\u00a0M\u00e9thodes formelles pour la mod\u00e9lisation g\u00e9om\u00e9trique.<\/p>\n<p>La r\u00e9organisation des GDR\u00a0par le CNRS en 2006 a conduit au positionnement suivant pour la p\u00e9riode de 2006 &#8211; 2017:<\/p>\n<ul>\n<li>Le groupe fait partie du GDR Informatique Math\u00e9matique (<a title=\"GDR IM\" href=\"http:\/\/http:\/\/www.gdr-im.fr\" target=\"_blank\" rel=\"noopener\">GDR IM<\/a>) (\u00ab\u00a0rempla\u00e7ant\u00a0\u00bb du GDR ALP depuis\u00a0le 1er Janvier 2006). Dans le GDR IM, avec les GTs G\u00e9om\u00e9trie Algorithmique et G\u00e9om\u00e9trie Discr\u00e8te il appartient au p\u00f4le \u00ab\u00a0<em>Calcul formel, arithm\u00e9tique, g\u00e9om\u00e9trie<\/em>\u00a0\u00bb reposant sur les mod\u00e8les math\u00e9matiques, l\u2019arithm\u00e9tique, la g\u00e9om\u00e9trie, l\u2019algorithmique, la complexit\u00e9, la fronti\u00e8re discret\/continu, la topologie.<\/li>\n<li>Il appartient \u00e9galement au GDR Informatique Graphique depuis 2006\u00a0qui est devenu le GDR IGRV en 2014.<\/li>\n<\/ul>\n","protected":false},"excerpt":{"rendered":"<p>GTMG &#8211; GDR &#8211; CNRS : Depuis le renouvellement des GDR le positionnement du GTMG est le suivant : Le groupe fait partie du GDR Informatique Math\u00e9matique (GDR IFM) Il appartient \u00e9galement au GDR Informatique Graphique, R\u00e9alit\u00e9 Virtuelle et Visualisation (GDR IGRV).. Un peu d&rsquo;histoire : L&rsquo;initialisation du groupe remonte en 1995 en tant que &hellip; <\/p>\n<p><a class=\"more-link btn\" href=\"https:\/\/gtmg.u-bourgogne.fr\/?page_id=12\">Lire la suite<\/a><\/p>\n","protected":false},"author":4,"featured_media":0,"parent":0,"menu_order":4,"comment_status":"closed","ping_status":"closed","template":"","meta":{"footnotes":""},"class_list":["post-12","page","type-page","status-publish","hentry","nodate","item-wrap"],"_links":{"self":[{"href":"https:\/\/gtmg.u-bourgogne.fr\/index.php?rest_route=\/wp\/v2\/pages\/12","targetHints":{"allow":["GET"]}}],"collection":[{"href":"https:\/\/gtmg.u-bourgogne.fr\/index.php?rest_route=\/wp\/v2\/pages"}],"about":[{"href":"https:\/\/gtmg.u-bourgogne.fr\/index.php?rest_route=\/wp\/v2\/types\/page"}],"author":[{"embeddable":true,"href":"https:\/\/gtmg.u-bourgogne.fr\/index.php?rest_route=\/wp\/v2\/users\/4"}],"replies":[{"embeddable":true,"href":"https:\/\/gtmg.u-bourgogne.fr\/index.php?rest_route=%2Fwp%2Fv2%2Fcomments&post=12"}],"version-history":[{"count":6,"href":"https:\/\/gtmg.u-bourgogne.fr\/index.php?rest_route=\/wp\/v2\/pages\/12\/revisions"}],"predecessor-version":[{"id":568,"href":"https:\/\/gtmg.u-bourgogne.fr\/index.php?rest_route=\/wp\/v2\/pages\/12\/revisions\/568"}],"wp:attachment":[{"href":"https:\/\/gtmg.u-bourgogne.fr\/index.php?rest_route=%2Fwp%2Fv2%2Fmedia&parent=12"}],"curies":[{"name":"wp","href":"https:\/\/api.w.org\/{rel}","templated":true}]}}