{"id":127,"date":"2014-02-24T18:23:10","date_gmt":"2014-02-24T17:23:10","guid":{"rendered":"http:\/\/gtmg.u-bourgogne.fr\/?page_id=127"},"modified":"2021-04-07T15:54:37","modified_gmt":"2021-04-07T14:54:37","slug":"vie-scientifique","status":"publish","type":"page","link":"https:\/\/gtmg.u-bourgogne.fr\/?page_id=127","title":{"rendered":"Vie Scientifique"},"content":{"rendered":"<p><strong>Logiciels<\/strong><\/p>\n<div class=\"page\" data-page-number=\"4\" data-loaded=\"true\">\n<ul>\n<li class=\"textLayer\"><strong>Jerboa<\/strong>, D\u00e9p\u00f4t du 12\/07\/2019 IDDN.FR.001.310029.000.S.P.2019.000.31235.Auteurs : Agn\u00e8s Arnould, Hakim Belhaouari, Thomas Bellet, Pascal LeGall et Mathieu Poudret, Poitiers4Chapitre 1Bilan des activit\u00e9s 2018-2021<\/li>\n<\/ul>\n<\/div>\n<h4>Distinctions<\/h4>\n<ul>\n<li>2020, Marie-Paule Cani membre de de l\u2019Acad\u00e9mie Fran\u00e7aise des Sciences,section Inter-section des applications des sciences<\/li>\n<li>2020, Marie-Paule Cani \u00e9lue pr\u00e9sidente du comit\u00e9 scientifique de la SIF(Soci\u00e9t\u00e9 Informatique de France)<\/li>\n<li>2020 Nicolas Mellado, Young Researcher Fellow Eurographics France,EGFR<\/li>\n<li>2019, Marie-Paule Cani, nomm\u00e9e \u00e0 l\u2019ACM SIGGRAPH Academy<\/li>\n<li>2019, Adrien Peytavie, Young researcher fellow EGFR<\/li>\n<li>2018, Yohann B\u00e9arzi, Mention honorable du prix Gunter Enderle, Euro-graphics 2018<\/li>\n<li>2018, Eric Andres, \u00e9lection au Conseil Scientifique du CNRS, Nov 2018<\/li>\n<\/ul>\n<h4><strong>HDR (depuis 2018)<\/strong><\/h4>\n<ul>\n<li>Vincent Nozick, 2019, \u00ab\u00a0St\u00e9r\u00e9oscopique, Forensique, G\u00e9om\u00e9trique : Trilogieautour de l\u2019image\u00a0\u00bb<\/li>\n<li>Alexandra Bac, 2019, \u00ab\u00a0Analyse et reconstruction de mod\u00e8les 3D : ap-proches g\u00e9om\u00e9triques et topologiques\u00a0\u00bb<\/li>\n<li>Bertrand Kerautret 2018 \u00ab\u00a0Analyse d\u2019objets discrets pour l\u2019estimation g\u00e9o-m\u00e9trique et la d\u00e9tection d\u2019\u00e9chelle\u00a0\u00bb<\/li>\n<li>Julie Digne 2018 \u00ab\u00a0Contributions \u00e0 l\u2019analyse locale et non-locale de sur-faces\u00a0\u00bb<\/li>\n<li>Nicolas Bonneel 2018 \u00ab\u00a0Transport Optimal pour l\u2019Informatique Graphiqueet Coh\u00e9rence Temporelle d\u2019Algorithmes de Traitement d\u2019Images<\/li>\n<\/ul>\n<h4><strong>Projets<\/strong><\/h4>\n<ul>\n<li>D\u00e9marrage du PRCE ANR ACTIVmap (ANR-19-CE19-0005, 2020-2024),port\u00e9e par Jean-Marie Favreau, Clermont-Ferrand<\/li>\n<li>Projet AIGRETTE : Analyzing Large Scale Geometric Data Collections, propos\u00e9 Maks Ovsjanikov selectionn\u00e9 pour la Chaire IA de l\u2019ANR.Janvier2020<\/li>\n<li>SI3DCO : Appearance-Preserving Mesh Simplification\u2013 Projet FEDER\/R\u00e9gionOccitanie Readynov (2018-2021), IRIT<\/li>\n<li>ANR <a href=\"https:\/\/www.irit.fr\/page-perso\/Loic.Barthe\/folddyn.php\">FOLD-Dyn<\/a>: Field-Oriented Layered Dynamics animating 3D characters. porteur: Loic Barthe, IRIT-STORM, LIX-STREAM, Inria Bordeaux, Team-To, Mercenaries (2017-2021)<\/li>\n<li>ANR <a title=\"e-ROMA\" href=\"https:\/\/projet.liris.cnrs.fr\/e_roma\/\">e-ROMA<\/a>:\u00a0Restauration expressive, par sculpture et animation, de l\u2019h\u00e9ritage statuaire Gallo-\u00adRomain, porteur: Raphaelle Chaine, LIRIS-GeoMod, LJK-IMAGINE, Mus\u00e9e Gallo-Romain, Univ. Paris-Sorbonne (2017-2021)<\/li>\n<li>Projet H2O2O LADIO (Life Action Data Input\/Output) 2017-2018, \u00e9quipe REVA, IRIT Toulouse<\/li>\n<li>ANR (Jeune chercheur) <a href=\"https:\/\/perso.liris.cnrs.fr\/julie.digne\/paps\/anr_paps.html\">Patch-aware processing of surfaces<\/a>, porteur: Julie Digne, 2015-2019<\/li>\n<li>ERC proof of concept TITANIUM (software components for Robust Geometry Processing), \u00e9quipe TITANE, INRIA Sophia Antipolis, 2017-2018<\/li>\n<li>ERC grant attribu\u00e9 \u00e0 Marie-Paule CANI (2012-2017) EXPRESSIVE (EXPloring REsponsive Shapes for Seamless desIgn of Virtual Environment)<\/li>\n<li>ERC grant junior attribu\u00e9 \u00e0 Sylvain Lef\u00e8bvre, LORIA-INRIA Nancy (2012-2017), ShapeForge<\/li>\n<\/ul>\n<ul>\n<li>ERC grant junior attribu\u00e9 \u00e0 Bruno L\u00e9vy, LORIA-INRIA Nancy (2008-2013), GOODSHAPE (Numerical Geometric Abstraction: from bits to equations)<\/li>\n<li><i>ANR Eros3D (LE2I, LIRIS)<\/i><\/li>\n<li><i>ANR ModIter (LE2I, LIRIS)<\/i><\/li>\n<li><i>ANR Galapagos : projet de preuve formelle en\u00a0g\u00e9om\u00e9trie<\/i><\/li>\n<li><i>ANR Romma (LJK, ENS CACHAN)<\/i><\/li>\n<li><i>ANR VORTISS<\/i><\/li>\n<\/ul>\n","protected":false},"excerpt":{"rendered":"<p>Logiciels Jerboa, D\u00e9p\u00f4t du 12\/07\/2019 IDDN.FR.001.310029.000.S.P.2019.000.31235.Auteurs : Agn\u00e8s Arnould, Hakim Belhaouari, Thomas Bellet, Pascal LeGall et Mathieu Poudret, Poitiers4Chapitre 1Bilan des activit\u00e9s 2018-2021 Distinctions 2020, Marie-Paule Cani membre de de l\u2019Acad\u00e9mie Fran\u00e7aise des Sciences,section Inter-section des applications des sciences 2020, Marie-Paule Cani \u00e9lue pr\u00e9sidente du comit\u00e9 scientifique de la SIF(Soci\u00e9t\u00e9 Informatique de France) 2020 Nicolas &hellip; <\/p>\n<p><a class=\"more-link btn\" href=\"https:\/\/gtmg.u-bourgogne.fr\/?page_id=127\">Lire la suite<\/a><\/p>\n","protected":false},"author":4,"featured_media":0,"parent":0,"menu_order":3,"comment_status":"closed","ping_status":"closed","template":"","meta":{"footnotes":""},"class_list":["post-127","page","type-page","status-publish","hentry","nodate","item-wrap"],"_links":{"self":[{"href":"https:\/\/gtmg.u-bourgogne.fr\/index.php?rest_route=\/wp\/v2\/pages\/127","targetHints":{"allow":["GET"]}}],"collection":[{"href":"https:\/\/gtmg.u-bourgogne.fr\/index.php?rest_route=\/wp\/v2\/pages"}],"about":[{"href":"https:\/\/gtmg.u-bourgogne.fr\/index.php?rest_route=\/wp\/v2\/types\/page"}],"author":[{"embeddable":true,"href":"https:\/\/gtmg.u-bourgogne.fr\/index.php?rest_route=\/wp\/v2\/users\/4"}],"replies":[{"embeddable":true,"href":"https:\/\/gtmg.u-bourgogne.fr\/index.php?rest_route=%2Fwp%2Fv2%2Fcomments&post=127"}],"version-history":[{"count":30,"href":"https:\/\/gtmg.u-bourgogne.fr\/index.php?rest_route=\/wp\/v2\/pages\/127\/revisions"}],"predecessor-version":[{"id":406,"href":"https:\/\/gtmg.u-bourgogne.fr\/index.php?rest_route=\/wp\/v2\/pages\/127\/revisions\/406"}],"wp:attachment":[{"href":"https:\/\/gtmg.u-bourgogne.fr\/index.php?rest_route=%2Fwp%2Fv2%2Fmedia&parent=127"}],"curies":[{"name":"wp","href":"https:\/\/api.w.org\/{rel}","templated":true}]}}