{"id":2,"date":"2014-01-24T08:25:27","date_gmt":"2014-01-24T08:25:27","guid":{"rendered":"http:\/\/gtmg.u-bourgogne.fr\/?page_id=2"},"modified":"2024-04-08T15:01:44","modified_gmt":"2024-04-08T14:01:44","slug":"sample-page","status":"publish","type":"page","link":"https:\/\/gtmg.u-bourgogne.fr\/","title":{"rendered":"Accueil"},"content":{"rendered":"\n<div class=\"wp-block-group is-nowrap is-layout-flex wp-container-core-group-is-layout-ad2f72ca wp-block-group-is-layout-flex\">\n<figure class=\"wp-block-image size-full is-resized\"><a href=\"https:\/\/gtmg.u-bourgogne.fr\/wp-content\/uploads\/2024\/04\/logo-gdr-ifm.png\"><img loading=\"lazy\" decoding=\"async\" width=\"640\" height=\"178\" src=\"https:\/\/gtmg.u-bourgogne.fr\/wp-content\/uploads\/2024\/04\/logo-gdr-ifm.png\" alt=\"\" class=\"wp-image-569\" style=\"width:393px;height:auto\" srcset=\"https:\/\/gtmg.u-bourgogne.fr\/wp-content\/uploads\/2024\/04\/logo-gdr-ifm.png 640w, https:\/\/gtmg.u-bourgogne.fr\/wp-content\/uploads\/2024\/04\/logo-gdr-ifm-300x83.png 300w\" sizes=\"auto, (max-width: 640px) 100vw, 640px\" \/><\/a><\/figure>\n\n\n\n<figure class=\"wp-block-image size-large is-resized\"><a href=\"https:\/\/gtmg.u-bourgogne.fr\/wp-content\/uploads\/2024\/04\/logo-IGRV.webp\"><img loading=\"lazy\" decoding=\"async\" width=\"1024\" height=\"298\" src=\"https:\/\/gtmg.u-bourgogne.fr\/wp-content\/uploads\/2024\/04\/logo-IGRV-1024x298.webp\" alt=\"\" class=\"wp-image-571\" style=\"width:512px;height:auto\" srcset=\"https:\/\/gtmg.u-bourgogne.fr\/wp-content\/uploads\/2024\/04\/logo-IGRV-1024x298.webp 1024w, https:\/\/gtmg.u-bourgogne.fr\/wp-content\/uploads\/2024\/04\/logo-IGRV-300x87.webp 300w, https:\/\/gtmg.u-bourgogne.fr\/wp-content\/uploads\/2024\/04\/logo-IGRV-768x223.webp 768w, https:\/\/gtmg.u-bourgogne.fr\/wp-content\/uploads\/2024\/04\/logo-IGRV-750x218.webp 750w, https:\/\/gtmg.u-bourgogne.fr\/wp-content\/uploads\/2024\/04\/logo-IGRV.webp 1200w\" sizes=\"auto, (max-width: 1024px) 100vw, 1024px\" \/><\/a><\/figure>\n<\/div>\n\n\n<p><strong>Pr\u00e9sentation<\/strong><\/p>\n<p>Le GTMG est un groupe de travail ouvert \u00e0 toutes les personnes int\u00e9ress\u00e9es par la probl\u00e9matique de la mod\u00e9lisation g\u00e9om\u00e9trique. Il fait partie des groupements de recherche Informatique Math\u00e9matique (<a href=\"http:\/\/www.gdr-im.fr\/\">GDR IFM<\/a>) et Informatique Graphique (<a href=\"http:\/\/www.irit.fr\/GDR-IG\/\">GDR IGVR<\/a>) du CNRS.<\/p>\n<p>Actuellement, 28 \u00e9quipes de recherche de diff\u00e9rents laboratoires participent au GTMG. Cela repr\u00e9sente environ 150 chercheurs et enseignants-chercheur permanents et 92 chercheurs non-permanents (doctorants, post-doctorants). Le GTMG est ouvert \u00e0 toutes les personnes int\u00e9ress\u00e9es par la mod\u00e9lisation g\u00e9om\u00e9trique.<\/p>\n<p><span style=\"color: #ff6600;\"><strong>-&gt; s&rsquo;incrire au GT MG et \u00e0 la mailing-list :<\/strong><\/span> <a href=\"https:\/\/mygdr.hosted.lip6.fr\/register\">https:\/\/mygdr.hosted.lip6.fr\/register<\/a><\/p>\n<p><strong><span style=\"color: #ff6600;\">-&gt; statistiques sur MyGDR :<\/span><\/strong> <a href=\"https:\/\/mygdr.hosted.lip6.fr\/GTView\/9\/\">https:\/\/mygdr.hosted.lip6.fr\/GTView\/9\/<\/a><\/p>\n<p>La <strong>mod\u00e9lisation g\u00e9om\u00e9trique<\/strong> est un domaine de recherche commun de l&rsquo;informatique et des math\u00e9matiques appliqu\u00e9es, qui s\u2019int\u00e9resse \u00e0 des m\u00e9thodes num\u00e9riques et algorithmiques de cr\u00e9ation, repr\u00e9sentation, mod\u00e9lisation, analyse et acquisition de formes g\u00e9om\u00e9triques 3D.<\/p>\n<p>Ce domaine de recherche combine th\u00e9orie et applications de plusieurs disciplines :<\/p>\n<ul>\n<li>Informatique (algorithmes, structures de donn\u00e9es, calcul num\u00e9rique et symbolique, informatique graphique, g\u00e9om\u00e9trie algorithmique, traitement de donn\u00e9es g\u00e9om\u00e9triques)<\/li>\n<li>Math\u00e9matiques (g\u00e9om\u00e9trie diff\u00e9rentielle, g\u00e9om\u00e9trie alg\u00e9brique, approximation, topologie calculatoire)<\/li>\n<li>Ing\u00e9nierie (g\u00e9n\u00e9ration de maillages, \u00e9l\u00e9ments finis,\u00a0conception, prototype virtuel).<\/li>\n<\/ul>\n<p>Les applications de la mod\u00e9lisation g\u00e9om\u00e9trique couvrent un large ensemble de domaines : \u00a0CAD\/CAM, design industriel, sculpture virtuelle, reconstruction de surfaces, simulation, animation, jeu vid\u00e9o, visualisation scientifique, imagerie m\u00e9dicale, multim\u00e9dia, cr\u00e9ation de contenu 3D, R\u00e9alit\u00e9 Virtuelle.<\/p>\n<p><em><strong>La 3D pour tous<\/strong>\u00a0<\/em>(d\u00e9mocratisation de la mod\u00e9lisation 3D, un acc\u00e8s grand public)\u00a0: cr\u00e9ation et utilisation de contenus num\u00e9riques 3D est une des <strong>plus grandes avanc\u00e9es r\u00e9centes <\/strong>\u00e0 laquelle la mod\u00e9lisation g\u00e9om\u00e9trique contribue majoritairement<\/p>\n<ul>\n<li>avec des surfaces de subdivisions qui rendent intuitive la cr\u00e9ation de formes intuitive, facile et rapide.<\/li>\n<li>Avec des maillages (repr\u00e9sentation, d\u00e9formation, lien CAO et calcul)<\/li>\n<li>avec des imprimantes 3D : r\u00e9alisations physiques de l\u2019imagination.<\/li>\n<li>avec des outils r\u00e9cents de cr\u00e9ation virtuelle de formes, de sc\u00e8nes 3D et d\u2019animations, comme le <em>sketching<\/em>, <em>examples-based methods<\/em>, \u2026<\/li>\n<\/ul>\n<p><strong>Mots clefs<\/strong><\/p>\n<p>Courbes, surfaces, maillages, formes 3D, nuage de points, reconstruction, contraintes, d\u00e9formation, multir\u00e9solution, param\u00e9trisation, apprentissage artificiel, g\u00e9om\u00e9trie diff\u00e9rentielle, algorithmes de subdivision, topologie, axe m\u00e9dian et squelette.<\/p>","protected":false},"excerpt":{"rendered":"<p>Pr\u00e9sentation Le GTMG est un groupe de travail ouvert \u00e0 toutes les personnes int\u00e9ress\u00e9es par la probl\u00e9matique de la mod\u00e9lisation g\u00e9om\u00e9trique. Il fait partie des groupements de recherche Informatique Math\u00e9matique (GDR IFM) et Informatique Graphique (GDR IGVR) du CNRS. Actuellement, 28 \u00e9quipes de recherche de diff\u00e9rents laboratoires participent au GTMG. Cela repr\u00e9sente environ 150 chercheurs &hellip; <\/p>\n<p><a class=\"more-link btn\" href=\"https:\/\/gtmg.u-bourgogne.fr\/\">Lire la suite<\/a><\/p>\n","protected":false},"author":4,"featured_media":0,"parent":0,"menu_order":0,"comment_status":"open","ping_status":"open","template":"","meta":{"footnotes":""},"class_list":["post-2","page","type-page","status-publish","hentry","nodate","item-wrap"],"_links":{"self":[{"href":"https:\/\/gtmg.u-bourgogne.fr\/index.php?rest_route=\/wp\/v2\/pages\/2","targetHints":{"allow":["GET"]}}],"collection":[{"href":"https:\/\/gtmg.u-bourgogne.fr\/index.php?rest_route=\/wp\/v2\/pages"}],"about":[{"href":"https:\/\/gtmg.u-bourgogne.fr\/index.php?rest_route=\/wp\/v2\/types\/page"}],"author":[{"embeddable":true,"href":"https:\/\/gtmg.u-bourgogne.fr\/index.php?rest_route=\/wp\/v2\/users\/4"}],"replies":[{"embeddable":true,"href":"https:\/\/gtmg.u-bourgogne.fr\/index.php?rest_route=%2Fwp%2Fv2%2Fcomments&post=2"}],"version-history":[{"count":22,"href":"https:\/\/gtmg.u-bourgogne.fr\/index.php?rest_route=\/wp\/v2\/pages\/2\/revisions"}],"predecessor-version":[{"id":572,"href":"https:\/\/gtmg.u-bourgogne.fr\/index.php?rest_route=\/wp\/v2\/pages\/2\/revisions\/572"}],"wp:attachment":[{"href":"https:\/\/gtmg.u-bourgogne.fr\/index.php?rest_route=%2Fwp%2Fv2%2Fmedia&parent=2"}],"curies":[{"name":"wp","href":"https:\/\/api.w.org\/{rel}","templated":true}]}}