{"id":8,"date":"2014-01-24T10:09:48","date_gmt":"2014-01-24T09:09:48","guid":{"rendered":"http:\/\/gtmg.u-bourgogne.fr\/?page_id=8"},"modified":"2021-11-13T23:31:52","modified_gmt":"2021-11-13T22:31:52","slug":"contact","status":"publish","type":"page","link":"https:\/\/gtmg.u-bourgogne.fr\/?page_id=8","title":{"rendered":"Contact"},"content":{"rendered":"<h3>G\u00e9raldine MORIN<\/h3>\n<p>IRIT Toulouse, \u00e9quipe REVA<br \/>ENSEEIHT<br \/>2, rue Camichel<br \/>BP 7122<br \/>31071 Toulouse Cedex 7<br \/>FRANCE<br \/>E-mail : morin at n7.fr<br \/>Site web :\u00a0http:\/\/morin.perso.enseeiht.fr\/<\/p>\n<h3>Romain RAFFIN<\/h3>\n<p>Laboratoire LIB<br \/>\u00c9quipe Mod\u00e9lisation G\u00e9om\u00e9trique<br \/>Universit\u00e9 de Bourgogne<br \/>9 Avenue Alain Savary<br \/>2100 Dijon<br \/>FRANCE<br \/>E-mail : romain.raffin at u-bourgogne.fr<\/p>\n\n\n<p><\/p>\n","protected":false},"excerpt":{"rendered":"<p>G\u00e9raldine MORIN IRIT Toulouse, \u00e9quipe REVAENSEEIHT2, rue CamichelBP 712231071 Toulouse Cedex 7FRANCEE-mail : morin at n7.frSite web :\u00a0http:\/\/morin.perso.enseeiht.fr\/ Romain RAFFIN Laboratoire LIB\u00c9quipe Mod\u00e9lisation G\u00e9om\u00e9triqueUniversit\u00e9 de Bourgogne9 Avenue Alain Savary2100 DijonFRANCEE-mail : romain.raffin at u-bourgogne.fr<\/p>\n","protected":false},"author":4,"featured_media":0,"parent":0,"menu_order":5,"comment_status":"closed","ping_status":"closed","template":"","meta":{"footnotes":""},"class_list":["post-8","page","type-page","status-publish","hentry","nodate","item-wrap"],"_links":{"self":[{"href":"https:\/\/gtmg.u-bourgogne.fr\/index.php?rest_route=\/wp\/v2\/pages\/8","targetHints":{"allow":["GET"]}}],"collection":[{"href":"https:\/\/gtmg.u-bourgogne.fr\/index.php?rest_route=\/wp\/v2\/pages"}],"about":[{"href":"https:\/\/gtmg.u-bourgogne.fr\/index.php?rest_route=\/wp\/v2\/types\/page"}],"author":[{"embeddable":true,"href":"https:\/\/gtmg.u-bourgogne.fr\/index.php?rest_route=\/wp\/v2\/users\/4"}],"replies":[{"embeddable":true,"href":"https:\/\/gtmg.u-bourgogne.fr\/index.php?rest_route=%2Fwp%2Fv2%2Fcomments&post=8"}],"version-history":[{"count":12,"href":"https:\/\/gtmg.u-bourgogne.fr\/index.php?rest_route=\/wp\/v2\/pages\/8\/revisions"}],"predecessor-version":[{"id":475,"href":"https:\/\/gtmg.u-bourgogne.fr\/index.php?rest_route=\/wp\/v2\/pages\/8\/revisions\/475"}],"wp:attachment":[{"href":"https:\/\/gtmg.u-bourgogne.fr\/index.php?rest_route=%2Fwp%2Fv2%2Fmedia&parent=8"}],"curies":[{"name":"wp","href":"https:\/\/api.w.org\/{rel}","templated":true}]}}